{"id":255,"date":"2024-01-09T09:46:05","date_gmt":"2024-01-09T09:46:05","guid":{"rendered":"https:\/\/www.alcvietnam.com\/?page_id=255"},"modified":"2024-10-31T10:09:03","modified_gmt":"2024-10-31T03:09:03","slug":"san-pham-va-dich-vu","status":"publish","type":"page","link":"https:\/\/www.alcvietnam.com\/en\/san-pham-va-dich-vu\/","title":{"rendered":"Products &amp; Services"},"content":{"rendered":"<div data-elementor-type=\"wp-page\" data-elementor-id=\"255\" class=\"elementor elementor-255\" data-elementor-post-type=\"page\">\n\t\t\t\t<div class=\"elementor-element elementor-element-e190efa e-con-full e-flex e-con e-parent\" data-id=\"e190efa\" data-element_type=\"container\" data-settings=\"{&quot;background_background&quot;:&quot;classic&quot;}\">\n\t\t\t\t<\/div>\n\t\t<div class=\"elementor-element elementor-element-2aa4958 e-flex e-con-boxed e-con e-parent\" data-id=\"2aa4958\" data-element_type=\"container\">\n\t\t\t\t\t<div class=\"e-con-inner\">\n\t\t\t\t<div class=\"elementor-element elementor-element-74bf9ed elementor-widget elementor-widget-heading\" data-id=\"74bf9ed\" data-element_type=\"widget\" data-widget_type=\"heading.default\">\n\t\t\t\t<div class=\"elementor-widget-container\">\n\t\t\t\t\t<h2 class=\"elementor-heading-title elementor-size-default\">PRODUCT &amp; SERVICES<\/h2>\t\t\t\t<\/div>\n\t\t\t\t<\/div>\n\t\t<div class=\"elementor-element elementor-element-77f805a e-con-full e-flex e-con e-child\" data-id=\"77f805a\" data-element_type=\"container\" id=\"san-xuat-noi-that\" data-settings=\"{&quot;background_background&quot;:&quot;classic&quot;}\">\n\t\t\t\t<div class=\"elementor-element elementor-element-8a746b4 elementor-hidden-desktop elementor-widget elementor-widget-image\" data-id=\"8a746b4\" data-element_type=\"widget\" data-widget_type=\"image.default\">\n\t\t\t\t<div class=\"elementor-widget-container\">\n\t\t\t\t\t\t\t\t\t\t\t\t\t\t\t<img fetchpriority=\"high\" decoding=\"async\" width=\"800\" height=\"343\" src=\"https:\/\/www.alcvietnam.com\/wp-content\/uploads\/2024\/02\/MG_0054-scaled-e1710320892905-1024x439.jpg\" class=\"attachment-large size-large wp-image-1689\" alt=\"\" srcset=\"https:\/\/www.alcvietnam.com\/wp-content\/uploads\/2024\/02\/MG_0054-scaled-e1710320892905-1024x439.jpg 1024w, https:\/\/www.alcvietnam.com\/wp-content\/uploads\/2024\/02\/MG_0054-scaled-e1710320892905-300x129.jpg 300w, https:\/\/www.alcvietnam.com\/wp-content\/uploads\/2024\/02\/MG_0054-scaled-e1710320892905-768x330.jpg 768w, https:\/\/www.alcvietnam.com\/wp-content\/uploads\/2024\/02\/MG_0054-scaled-e1710320892905-1536x659.jpg 1536w, https:\/\/www.alcvietnam.com\/wp-content\/uploads\/2024\/02\/MG_0054-scaled-e1710320892905-2048x879.jpg 2048w, https:\/\/www.alcvietnam.com\/wp-content\/uploads\/2024\/02\/MG_0054-scaled-e1710320892905-18x8.jpg 18w\" sizes=\"(max-width: 800px) 100vw, 800px\" \/>\t\t\t\t\t\t\t\t\t\t\t\t\t\t\t<\/div>\n\t\t\t\t<\/div>\n\t\t<div class=\"elementor-element elementor-element-ce97816 e-con-full e-flex e-con e-child\" data-id=\"ce97816\" data-element_type=\"container\">\n\t\t\t\t<div class=\"elementor-element elementor-element-3ea28d0 elementor-widget elementor-widget-heading\" data-id=\"3ea28d0\" data-element_type=\"widget\" data-widget_type=\"heading.default\">\n\t\t\t\t<div class=\"elementor-widget-container\">\n\t\t\t\t\t<h2 class=\"elementor-heading-title elementor-size-default\">Kitchen cabinet manufacturing<\/h2>\t\t\t\t<\/div>\n\t\t\t\t<\/div>\n\t\t\t\t<div class=\"elementor-element elementor-element-82caa8e elementor-widget elementor-widget-text-editor\" data-id=\"82caa8e\" data-element_type=\"widget\" data-widget_type=\"text-editor.default\">\n\t\t\t\t<div class=\"elementor-widget-container\">\n\t\t\t\t\t\t\t\t\t<p>ALC Corporation's kitchen cabinet products under the Casta brand were introduced in 2002. Casta ensures the highest quality standards throughout the manufacturing process, featuring key items such as kitchen cabinets, bathroom vanities, wardrobes, and more.<span style=\"text-align: var(--text-align);\">\u00a0<\/span><span style=\"text-align: var(--text-align);\">bathroom vanity<\/span><span style=\"text-align: var(--text-align);\"> t\u1ee7 qu\u1ea7n \u00e1o,&#8230;<\/span><\/p>\t\t\t\t\t\t\t\t<\/div>\n\t\t\t\t<\/div>\n\t\t\t\t<div class=\"elementor-element elementor-element-f8f3188 elementor-widget elementor-widget-button\" data-id=\"f8f3188\" data-element_type=\"widget\" data-widget_type=\"button.default\">\n\t\t\t\t<div class=\"elementor-widget-container\">\n\t\t\t\t\t\t\t\t\t<div class=\"elementor-button-wrapper\">\n\t\t\t\t\t<a class=\"elementor-button elementor-button-link elementor-size-xs\" href=\"https:\/\/casta.com.vn\/\" target=\"_blank\">\n\t\t\t\t\t\t<span class=\"elementor-button-content-wrapper\">\n\t\t\t\t\t\t<span class=\"elementor-button-icon\">\n\t\t\t\t<svg aria-hidden=\"true\" class=\"e-font-icon-svg e-fas-angle-right\" viewbox=\"0 0 256 512\" xmlns=\"http:\/\/www.w3.org\/2000\/svg\"><path d=\"M224.3 273l-136 136c-9.4 9.4-24.6 9.4-33.9 0l-22.6-22.6c-9.4-9.4-9.4-24.6 0-33.9l96.4-96.4-96.4-96.4c-9.4-9.4-9.4-24.6 0-33.9L54.3 103c9.4-9.4 24.6-9.4 33.9 0l136 136c9.5 9.4 9.5 24.6.1 34z\"><\/path><\/svg>\t\t\t<\/span>\n\t\t\t\t\t\t\t\t\t<span class=\"elementor-button-text\">View<\/span>\n\t\t\t\t\t<\/span>\n\t\t\t\t\t<\/a>\n\t\t\t\t<\/div>\n\t\t\t\t\t\t\t\t<\/div>\n\t\t\t\t<\/div>\n\t\t\t\t<\/div>\n\t\t\t\t<\/div>\n\t\t<div class=\"elementor-element elementor-element-43a97e0 e-con-full e-flex e-con e-child\" data-id=\"43a97e0\" data-element_type=\"container\" id=\"giao-nhan-van-tai\" data-settings=\"{&quot;background_background&quot;:&quot;classic&quot;}\">\n\t\t\t\t<div class=\"elementor-element elementor-element-b160b97 elementor-hidden-desktop elementor-widget elementor-widget-image\" data-id=\"b160b97\" data-element_type=\"widget\" data-widget_type=\"image.default\">\n\t\t\t\t<div class=\"elementor-widget-container\">\n\t\t\t\t\t\t\t\t\t\t\t\t\t\t\t<img decoding=\"async\" width=\"800\" height=\"345\" src=\"https:\/\/www.alcvietnam.com\/wp-content\/uploads\/2024\/01\/Giao-Nhan-Van-Tai-1-1024x441.webp\" class=\"attachment-large size-large wp-image-736\" alt=\"\" srcset=\"https:\/\/www.alcvietnam.com\/wp-content\/uploads\/2024\/01\/Giao-Nhan-Van-Tai-1-1024x441.webp 1024w, https:\/\/www.alcvietnam.com\/wp-content\/uploads\/2024\/01\/Giao-Nhan-Van-Tai-1-300x129.webp 300w, https:\/\/www.alcvietnam.com\/wp-content\/uploads\/2024\/01\/Giao-Nhan-Van-Tai-1-768x331.webp 768w, https:\/\/www.alcvietnam.com\/wp-content\/uploads\/2024\/01\/Giao-Nhan-Van-Tai-1.webp 1176w\" sizes=\"(max-width: 800px) 100vw, 800px\" \/>\t\t\t\t\t\t\t\t\t\t\t\t\t\t\t<\/div>\n\t\t\t\t<\/div>\n\t\t<div class=\"elementor-element elementor-element-e56fbde e-con-full e-flex e-con e-child\" data-id=\"e56fbde\" data-element_type=\"container\">\n\t\t\t\t<div class=\"elementor-element elementor-element-dd74b3a elementor-widget elementor-widget-heading\" data-id=\"dd74b3a\" data-element_type=\"widget\" data-widget_type=\"heading.default\">\n\t\t\t\t<div class=\"elementor-widget-container\">\n\t\t\t\t\t<h2 class=\"elementor-heading-title elementor-size-default\">Giao nh\u1eadn v\u1eadn t\u1ea3i &amp; Qu\u1ea3n l\u00fd xu\u1ea5t nh\u1eadp kh\u1ea9u<\/h2>\t\t\t\t<\/div>\n\t\t\t\t<\/div>\n\t\t\t\t<div class=\"elementor-element elementor-element-194bad2 elementor-widget elementor-widget-text-editor\" data-id=\"194bad2\" data-element_type=\"widget\" data-widget_type=\"text-editor.default\">\n\t\t\t\t<div class=\"elementor-widget-container\">\n\t\t\t\t\t\t\t\t\t<p>ALC Corporation has consistently centered its business around this core domain since its establishment. With a modern transportation fleet and a professional workforce, we are confident in fulfilling the needs of every customer, from small shipments to large-scale operations.<\/p>\t\t\t\t\t\t\t\t<\/div>\n\t\t\t\t<\/div>\n\t\t\t\t<div class=\"elementor-element elementor-element-83c63e8 elementor-widget elementor-widget-button\" data-id=\"83c63e8\" data-element_type=\"widget\" data-widget_type=\"button.default\">\n\t\t\t\t<div class=\"elementor-widget-container\">\n\t\t\t\t\t\t\t\t\t<div class=\"elementor-button-wrapper\">\n\t\t\t\t\t<a class=\"elementor-button elementor-button-link elementor-size-xs\" href=\"#\">\n\t\t\t\t\t\t<span class=\"elementor-button-content-wrapper\">\n\t\t\t\t\t\t<span class=\"elementor-button-icon\">\n\t\t\t\t<svg aria-hidden=\"true\" class=\"e-font-icon-svg e-fas-angle-right\" viewbox=\"0 0 256 512\" xmlns=\"http:\/\/www.w3.org\/2000\/svg\"><path d=\"M224.3 273l-136 136c-9.4 9.4-24.6 9.4-33.9 0l-22.6-22.6c-9.4-9.4-9.4-24.6 0-33.9l96.4-96.4-96.4-96.4c-9.4-9.4-9.4-24.6 0-33.9L54.3 103c9.4-9.4 24.6-9.4 33.9 0l136 136c9.5 9.4 9.5 24.6.1 34z\"><\/path><\/svg>\t\t\t<\/span>\n\t\t\t\t\t\t\t\t\t<span class=\"elementor-button-text\">View<\/span>\n\t\t\t\t\t<\/span>\n\t\t\t\t\t<\/a>\n\t\t\t\t<\/div>\n\t\t\t\t\t\t\t\t<\/div>\n\t\t\t\t<\/div>\n\t\t\t\t<\/div>\n\t\t\t\t<\/div>\n\t\t<div class=\"elementor-element elementor-element-8fce890 e-con-full e-flex e-con e-child\" data-id=\"8fce890\" data-element_type=\"container\" id=\"thuong-mai\" data-settings=\"{&quot;background_background&quot;:&quot;classic&quot;}\">\n\t\t\t\t<div class=\"elementor-element elementor-element-dbeb879 elementor-hidden-desktop elementor-hidden-tablet elementor-widget elementor-widget-image\" data-id=\"dbeb879\" data-element_type=\"widget\" data-widget_type=\"image.default\">\n\t\t\t\t<div class=\"elementor-widget-container\">\n\t\t\t\t\t\t\t\t\t\t\t\t\t\t\t<img decoding=\"async\" width=\"800\" height=\"345\" src=\"https:\/\/www.alcvietnam.com\/wp-content\/uploads\/2024\/01\/Giao-Nhan-Van-Tai-1-2-1024x441.webp\" class=\"attachment-large size-large wp-image-738\" alt=\"\" srcset=\"https:\/\/www.alcvietnam.com\/wp-content\/uploads\/2024\/01\/Giao-Nhan-Van-Tai-1-2-1024x441.webp 1024w, https:\/\/www.alcvietnam.com\/wp-content\/uploads\/2024\/01\/Giao-Nhan-Van-Tai-1-2-300x129.webp 300w, https:\/\/www.alcvietnam.com\/wp-content\/uploads\/2024\/01\/Giao-Nhan-Van-Tai-1-2-768x330.webp 768w, https:\/\/www.alcvietnam.com\/wp-content\/uploads\/2024\/01\/Giao-Nhan-Van-Tai-1-2.webp 1176w\" sizes=\"(max-width: 800px) 100vw, 800px\" \/>\t\t\t\t\t\t\t\t\t\t\t\t\t\t\t<\/div>\n\t\t\t\t<\/div>\n\t\t<div class=\"elementor-element elementor-element-b8fd73f e-con-full e-flex e-con e-child\" data-id=\"b8fd73f\" data-element_type=\"container\">\n\t\t\t\t<div class=\"elementor-element elementor-element-7fa75e9 elementor-widget elementor-widget-heading\" data-id=\"7fa75e9\" data-element_type=\"widget\" data-widget_type=\"heading.default\">\n\t\t\t\t<div class=\"elementor-widget-container\">\n\t\t\t\t\t<h2 class=\"elementor-heading-title elementor-size-default\">Th\u01b0\u01a1ng ma\u0323i &amp; Ph\u00e2n ph\u00f4\u0301i <br>&amp; Distributing\n<\/h2>\t\t\t\t<\/div>\n\t\t\t\t<\/div>\n\t\t\t\t<div class=\"elementor-element elementor-element-e06fce4 elementor-widget elementor-widget-text-editor\" data-id=\"e06fce4\" data-element_type=\"widget\" data-widget_type=\"text-editor.default\">\n\t\t\t\t<div class=\"elementor-widget-container\">\n\t\t\t\t\t\t\t\t\t<p>Since 2001, ALC Corporation has officially extended its reach, emerging as a trusted companion for high-end kitchen appliance brands such as Kuppersbusch, Teka, and Cata in the distribution sector.<\/p>\t\t\t\t\t\t\t\t<\/div>\n\t\t\t\t<\/div>\n\t\t\t\t<div class=\"elementor-element elementor-element-3fd2994 elementor-widget elementor-widget-button\" data-id=\"3fd2994\" data-element_type=\"widget\" data-widget_type=\"button.default\">\n\t\t\t\t<div class=\"elementor-widget-container\">\n\t\t\t\t\t\t\t\t\t<div class=\"elementor-button-wrapper\">\n\t\t\t\t\t<a class=\"elementor-button elementor-button-link elementor-size-xs\" href=\"#\">\n\t\t\t\t\t\t<span class=\"elementor-button-content-wrapper\">\n\t\t\t\t\t\t<span class=\"elementor-button-icon\">\n\t\t\t\t<svg aria-hidden=\"true\" class=\"e-font-icon-svg e-fas-angle-right\" viewbox=\"0 0 256 512\" xmlns=\"http:\/\/www.w3.org\/2000\/svg\"><path d=\"M224.3 273l-136 136c-9.4 9.4-24.6 9.4-33.9 0l-22.6-22.6c-9.4-9.4-9.4-24.6 0-33.9l96.4-96.4-96.4-96.4c-9.4-9.4-9.4-24.6 0-33.9L54.3 103c9.4-9.4 24.6-9.4 33.9 0l136 136c9.5 9.4 9.5 24.6.1 34z\"><\/path><\/svg>\t\t\t<\/span>\n\t\t\t\t\t\t\t\t\t<span class=\"elementor-button-text\">View<\/span>\n\t\t\t\t\t<\/span>\n\t\t\t\t\t<\/a>\n\t\t\t\t<\/div>\n\t\t\t\t\t\t\t\t<\/div>\n\t\t\t\t<\/div>\n\t\t\t\t<\/div>\n\t\t\t\t<\/div>\n\t\t\t\t\t<\/div>\n\t\t\t\t<\/div>\n\t\t\t\t<\/div>","protected":false},"excerpt":{"rendered":"<p>S\u1ea2N PH\u1ea8M V\u00c0 D\u1ecaCH V\u1ee4 Sa\u0309n xu\u00e2\u0301t t\u1ee7 b\u1ebfp S\u1ea3n ph\u1ea9m t\u1ee7 b\u1ebfp c\u1ee7a ALC Corporation mang th\u01b0\u01a1ng hi\u1ec7u Casta ra \u0111\u1eddi v\u00e0o n\u0103m 2002. Casta \u0111a\u0309m ba\u0309o duy tr\u00ec ti\u00eau chu\u1ea9n ch\u1ea5t l\u01b0\u1ee3ng cao nh\u1ea5t trong qu\u00e1 tr\u00ecnh s\u1ea3n xu\u1ea5t, v\u01a1\u0301i nh\u1eefng m\u1eb7t h\u00e0ng ch\u1ee7 \u0111\u1ea1o g\u00f4\u0300m: t\u1ee7 b\u1ebfp,\u00a0t\u1ee7 vanity, t\u1ee7 qu\u1ea7n \u00e1o,&#8230; Xem [&hellip;]<\/p>\n","protected":false},"author":1,"featured_media":0,"parent":0,"menu_order":0,"comment_status":"closed","ping_status":"closed","template":"","meta":{"_acf_changed":false,"footnotes":""},"acf":[],"yoast_head":"<!-- This site is optimized with the Yoast SEO plugin v23.5 - https:\/\/yoast.com\/wordpress\/plugins\/seo\/ -->\n<title>S\u1ea3n ph\u1ea9m v\u00e0 d\u1ecbch v\u1ee5 - ALC VIET NAM<\/title>\n<meta name=\"robots\" content=\"index, follow, max-snippet:-1, max-image-preview:large, max-video-preview:-1\" \/>\n<link rel=\"canonical\" href=\"https:\/\/www.alcvietnam.com\/en\/san-pham-va-dich-vu\/\" \/>\n<meta property=\"og:locale\" content=\"en_US\" \/>\n<meta property=\"og:type\" content=\"article\" \/>\n<meta property=\"og:title\" content=\"S\u1ea3n ph\u1ea9m v\u00e0 d\u1ecbch v\u1ee5 - ALC VIET NAM\" \/>\n<meta property=\"og:description\" content=\"S\u1ea2N PH\u1ea8M V\u00c0 D\u1ecaCH V\u1ee4 Sa\u0309n xu\u00e2\u0301t t\u1ee7 b\u1ebfp S\u1ea3n ph\u1ea9m t\u1ee7 b\u1ebfp c\u1ee7a ALC Corporation mang th\u01b0\u01a1ng hi\u1ec7u Casta ra \u0111\u1eddi v\u00e0o n\u0103m 2002. Casta \u0111a\u0309m ba\u0309o duy tr\u00ec ti\u00eau chu\u1ea9n ch\u1ea5t l\u01b0\u1ee3ng cao nh\u1ea5t trong qu\u00e1 tr\u00ecnh s\u1ea3n xu\u1ea5t, v\u01a1\u0301i nh\u1eefng m\u1eb7t h\u00e0ng ch\u1ee7 \u0111\u1ea1o g\u00f4\u0300m: t\u1ee7 b\u1ebfp,\u00a0t\u1ee7 vanity, t\u1ee7 qu\u1ea7n \u00e1o,&#8230; Xem [&hellip;]\" \/>\n<meta property=\"og:url\" content=\"https:\/\/www.alcvietnam.com\/en\/san-pham-va-dich-vu\/\" \/>\n<meta property=\"og:site_name\" content=\"ALC VIET NAM\" \/>\n<meta property=\"article:modified_time\" content=\"2024-10-31T03:09:03+00:00\" \/>\n<meta property=\"og:image\" content=\"https:\/\/www.alcvietnam.com\/wp-content\/uploads\/2024\/02\/MG_0054-scaled-e1710320892905-1024x439.jpg\" \/>\n<meta name=\"twitter:card\" content=\"summary_large_image\" \/>\n<meta name=\"twitter:label1\" content=\"Est. reading time\" \/>\n\t<meta name=\"twitter:data1\" content=\"2 minutes\" \/>\n<script type=\"application\/ld+json\" class=\"yoast-schema-graph\">{\"@context\":\"https:\/\/schema.org\",\"@graph\":[{\"@type\":\"WebPage\",\"@id\":\"https:\/\/www.alcvietnam.com\/san-pham-va-dich-vu\/\",\"url\":\"https:\/\/www.alcvietnam.com\/san-pham-va-dich-vu\/\",\"name\":\"S\u1ea3n ph\u1ea9m v\u00e0 d\u1ecbch v\u1ee5 - ALC VIET NAM\",\"isPartOf\":{\"@id\":\"https:\/\/www.alcvietnam.com\/#website\"},\"primaryImageOfPage\":{\"@id\":\"https:\/\/www.alcvietnam.com\/san-pham-va-dich-vu\/#primaryimage\"},\"image\":{\"@id\":\"https:\/\/www.alcvietnam.com\/san-pham-va-dich-vu\/#primaryimage\"},\"thumbnailUrl\":\"https:\/\/www.alcvietnam.com\/wp-content\/uploads\/2024\/02\/MG_0054-scaled-e1710320892905-1024x439.jpg\",\"datePublished\":\"2024-01-09T09:46:05+00:00\",\"dateModified\":\"2024-10-31T03:09:03+00:00\",\"breadcrumb\":{\"@id\":\"https:\/\/www.alcvietnam.com\/san-pham-va-dich-vu\/#breadcrumb\"},\"inLanguage\":\"en-US\",\"potentialAction\":[{\"@type\":\"ReadAction\",\"target\":[\"https:\/\/www.alcvietnam.com\/san-pham-va-dich-vu\/\"]}]},{\"@type\":\"ImageObject\",\"inLanguage\":\"en-US\",\"@id\":\"https:\/\/www.alcvietnam.com\/san-pham-va-dich-vu\/#primaryimage\",\"url\":\"https:\/\/www.alcvietnam.com\/wp-content\/uploads\/2024\/02\/MG_0054-scaled-e1710320892905-1024x439.jpg\",\"contentUrl\":\"https:\/\/www.alcvietnam.com\/wp-content\/uploads\/2024\/02\/MG_0054-scaled-e1710320892905-1024x439.jpg\"},{\"@type\":\"BreadcrumbList\",\"@id\":\"https:\/\/www.alcvietnam.com\/san-pham-va-dich-vu\/#breadcrumb\",\"itemListElement\":[{\"@type\":\"ListItem\",\"position\":1,\"name\":\"Home\",\"item\":\"https:\/\/www.alcvietnam.com\/\"},{\"@type\":\"ListItem\",\"position\":2,\"name\":\"S\u1ea3n ph\u1ea9m v\u00e0 d\u1ecbch v\u1ee5\"}]},{\"@type\":\"WebSite\",\"@id\":\"https:\/\/www.alcvietnam.com\/#website\",\"url\":\"https:\/\/www.alcvietnam.com\/\",\"name\":\"ALC Corporation\",\"description\":\"\",\"publisher\":{\"@id\":\"https:\/\/www.alcvietnam.com\/#organization\"},\"alternateName\":\"ALC Corporation\",\"potentialAction\":[{\"@type\":\"SearchAction\",\"target\":{\"@type\":\"EntryPoint\",\"urlTemplate\":\"https:\/\/www.alcvietnam.com\/?s={search_term_string}\"},\"query-input\":{\"@type\":\"PropertyValueSpecification\",\"valueRequired\":true,\"valueName\":\"search_term_string\"}}],\"inLanguage\":\"en-US\"},{\"@type\":\"Organization\",\"@id\":\"https:\/\/www.alcvietnam.com\/#organization\",\"name\":\"ALC Corporation\",\"url\":\"https:\/\/www.alcvietnam.com\/\",\"logo\":{\"@type\":\"ImageObject\",\"inLanguage\":\"en-US\",\"@id\":\"https:\/\/www.alcvietnam.com\/#\/schema\/logo\/image\/\",\"url\":\"https:\/\/www.alcvietnam.com\/wp-content\/uploads\/2024\/01\/cropped-logo.jpg\",\"contentUrl\":\"https:\/\/www.alcvietnam.com\/wp-content\/uploads\/2024\/01\/cropped-logo.jpg\",\"width\":512,\"height\":512,\"caption\":\"ALC Corporation\"},\"image\":{\"@id\":\"https:\/\/www.alcvietnam.com\/#\/schema\/logo\/image\/\"}}]}<\/script>\n<!-- \/ Yoast SEO plugin. -->","yoast_head_json":{"title":"S\u1ea3n ph\u1ea9m v\u00e0 d\u1ecbch v\u1ee5 - ALC VIET NAM","robots":{"index":"index","follow":"follow","max-snippet":"max-snippet:-1","max-image-preview":"max-image-preview:large","max-video-preview":"max-video-preview:-1"},"canonical":"https:\/\/www.alcvietnam.com\/en\/san-pham-va-dich-vu\/","og_locale":"en_US","og_type":"article","og_title":"S\u1ea3n ph\u1ea9m v\u00e0 d\u1ecbch v\u1ee5 - ALC VIET NAM","og_description":"S\u1ea2N PH\u1ea8M V\u00c0 D\u1ecaCH V\u1ee4 Sa\u0309n xu\u00e2\u0301t t\u1ee7 b\u1ebfp S\u1ea3n ph\u1ea9m t\u1ee7 b\u1ebfp c\u1ee7a ALC Corporation mang th\u01b0\u01a1ng hi\u1ec7u Casta ra \u0111\u1eddi v\u00e0o n\u0103m 2002. Casta \u0111a\u0309m ba\u0309o duy tr\u00ec ti\u00eau chu\u1ea9n ch\u1ea5t l\u01b0\u1ee3ng cao nh\u1ea5t trong qu\u00e1 tr\u00ecnh s\u1ea3n xu\u1ea5t, v\u01a1\u0301i nh\u1eefng m\u1eb7t h\u00e0ng ch\u1ee7 \u0111\u1ea1o g\u00f4\u0300m: t\u1ee7 b\u1ebfp,\u00a0t\u1ee7 vanity, t\u1ee7 qu\u1ea7n \u00e1o,&#8230; Xem [&hellip;]","og_url":"https:\/\/www.alcvietnam.com\/en\/san-pham-va-dich-vu\/","og_site_name":"ALC VIET NAM","article_modified_time":"2024-10-31T03:09:03+00:00","og_image":[{"url":"https:\/\/www.alcvietnam.com\/wp-content\/uploads\/2024\/02\/MG_0054-scaled-e1710320892905-1024x439.jpg"}],"twitter_card":"summary_large_image","twitter_misc":{"Est. reading time":"2 minutes"},"schema":{"@context":"https:\/\/schema.org","@graph":[{"@type":"WebPage","@id":"https:\/\/www.alcvietnam.com\/san-pham-va-dich-vu\/","url":"https:\/\/www.alcvietnam.com\/san-pham-va-dich-vu\/","name":"S\u1ea3n ph\u1ea9m v\u00e0 d\u1ecbch v\u1ee5 - ALC VIET NAM","isPartOf":{"@id":"https:\/\/www.alcvietnam.com\/#website"},"primaryImageOfPage":{"@id":"https:\/\/www.alcvietnam.com\/san-pham-va-dich-vu\/#primaryimage"},"image":{"@id":"https:\/\/www.alcvietnam.com\/san-pham-va-dich-vu\/#primaryimage"},"thumbnailUrl":"https:\/\/www.alcvietnam.com\/wp-content\/uploads\/2024\/02\/MG_0054-scaled-e1710320892905-1024x439.jpg","datePublished":"2024-01-09T09:46:05+00:00","dateModified":"2024-10-31T03:09:03+00:00","breadcrumb":{"@id":"https:\/\/www.alcvietnam.com\/san-pham-va-dich-vu\/#breadcrumb"},"inLanguage":"en-US","potentialAction":[{"@type":"ReadAction","target":["https:\/\/www.alcvietnam.com\/san-pham-va-dich-vu\/"]}]},{"@type":"ImageObject","inLanguage":"en-US","@id":"https:\/\/www.alcvietnam.com\/san-pham-va-dich-vu\/#primaryimage","url":"https:\/\/www.alcvietnam.com\/wp-content\/uploads\/2024\/02\/MG_0054-scaled-e1710320892905-1024x439.jpg","contentUrl":"https:\/\/www.alcvietnam.com\/wp-content\/uploads\/2024\/02\/MG_0054-scaled-e1710320892905-1024x439.jpg"},{"@type":"BreadcrumbList","@id":"https:\/\/www.alcvietnam.com\/san-pham-va-dich-vu\/#breadcrumb","itemListElement":[{"@type":"ListItem","position":1,"name":"Home","item":"https:\/\/www.alcvietnam.com\/"},{"@type":"ListItem","position":2,"name":"S\u1ea3n ph\u1ea9m v\u00e0 d\u1ecbch v\u1ee5"}]},{"@type":"WebSite","@id":"https:\/\/www.alcvietnam.com\/#website","url":"https:\/\/www.alcvietnam.com\/","name":"ALC Corporation","description":"","publisher":{"@id":"https:\/\/www.alcvietnam.com\/#organization"},"alternateName":"ALC Corporation","potentialAction":[{"@type":"SearchAction","target":{"@type":"EntryPoint","urlTemplate":"https:\/\/www.alcvietnam.com\/?s={search_term_string}"},"query-input":{"@type":"PropertyValueSpecification","valueRequired":true,"valueName":"search_term_string"}}],"inLanguage":"en-US"},{"@type":"Organization","@id":"https:\/\/www.alcvietnam.com\/#organization","name":"ALC Corporation","url":"https:\/\/www.alcvietnam.com\/","logo":{"@type":"ImageObject","inLanguage":"en-US","@id":"https:\/\/www.alcvietnam.com\/#\/schema\/logo\/image\/","url":"https:\/\/www.alcvietnam.com\/wp-content\/uploads\/2024\/01\/cropped-logo.jpg","contentUrl":"https:\/\/www.alcvietnam.com\/wp-content\/uploads\/2024\/01\/cropped-logo.jpg","width":512,"height":512,"caption":"ALC Corporation"},"image":{"@id":"https:\/\/www.alcvietnam.com\/#\/schema\/logo\/image\/"}}]}},"_links":{"self":[{"href":"https:\/\/www.alcvietnam.com\/en\/wp-json\/wp\/v2\/pages\/255"}],"collection":[{"href":"https:\/\/www.alcvietnam.com\/en\/wp-json\/wp\/v2\/pages"}],"about":[{"href":"https:\/\/www.alcvietnam.com\/en\/wp-json\/wp\/v2\/types\/page"}],"author":[{"embeddable":true,"href":"https:\/\/www.alcvietnam.com\/en\/wp-json\/wp\/v2\/users\/1"}],"replies":[{"embeddable":true,"href":"https:\/\/www.alcvietnam.com\/en\/wp-json\/wp\/v2\/comments?post=255"}],"version-history":[{"count":24,"href":"https:\/\/www.alcvietnam.com\/en\/wp-json\/wp\/v2\/pages\/255\/revisions"}],"predecessor-version":[{"id":1799,"href":"https:\/\/www.alcvietnam.com\/en\/wp-json\/wp\/v2\/pages\/255\/revisions\/1799"}],"wp:attachment":[{"href":"https:\/\/www.alcvietnam.com\/en\/wp-json\/wp\/v2\/media?parent=255"}],"curies":[{"name":"wp","href":"https:\/\/api.w.org\/{rel}","templated":true}]}}